{"id":48,"date":"2022-10-06T10:04:04","date_gmt":"2022-10-06T08:04:04","guid":{"rendered":"https:\/\/guenther-uecker-institut.de\/?page_id=48"},"modified":"2026-01-13T11:09:09","modified_gmt":"2026-01-13T10:09:09","slug":"about-us","status":"publish","type":"page","link":"https:\/\/www.guenther-uecker-institut.de\/en\/about-us\/","title":{"rendered":"About us"},"content":{"rendered":"\n<div class=\"wp-block-group trennlinie\"><div class=\"wp-block-group__inner-container is-layout-flow wp-block-group-is-layout-flow\">\n<div class=\"wp-block-columns is-layout-flex wp-container-core-columns-is-layout-9d6595d7 wp-block-columns-is-layout-flex\">\n<div class=\"wp-block-column is-layout-flow wp-block-column-is-layout-flow\" style=\"flex-basis:25%\">\n<h2 class=\"wp-block-heading\">Mission<\/h2>\n<\/div>\n\n\n\n<div class=\"wp-block-column is-layout-flow wp-block-column-is-layout-flow\" style=\"flex-basis:75%\">\n<p class=\"has-text-align-left\"><strong>GUI | IUG<\/strong><\/p>\n\n\n\n<p>We are an independent cultural institution based in Schwerin. Our dual institute, GUI \u2013 IUG, evolved from an association founded in 2013 to support the expansion of the <em>Staatliches Museum Schwerin<\/em>. The artist G\u00fcnther Uecker donated an edition of his large-format embossed prints to support this project. At the initiative of our founding director, Prof. Dr. Kornelia von Berswordt-Wallrabe, and following an amendment to the statutes in 2016, these funds were consensually repurposed and have since been dedicated to supporting young scholars and artists.<\/p>\n\n\n\n<p>On the one hand, we support and publish traditional art-historical research projects with a focus on the &#8216;German Post-War Avant-Garde.&#8217; This pillar of our work is represented by the name &#8216;GUI \u2013 G\u00fcnther Uecker Institute.&#8217; <\/p>\n\n\n\n<p>On the other hand, we create public platforms for the innovative work of interdisciplinary scholars and practitioners in the field of Artistic Research. This mission is reflected in the name &#8216;IUG \u2013 Institute for Environment and Design&#8217; (Institut f\u00fcr Umwelt und Gestaltung), through which we have been funding and initiating projects since 2023. With the IUG, we support innovative concepts for socially relevant, interdisciplinary formats, operating across various locations and in collaboration with changing institutional partners.<\/p>\n<\/div>\n<\/div>\n\n\n\n<div class=\"wp-block-columns is-layout-flex wp-container-core-columns-is-layout-9d6595d7 wp-block-columns-is-layout-flex\">\n<div class=\"wp-block-column is-layout-flow wp-block-column-is-layout-flow\" style=\"flex-basis:24%\">\n<h2 class=\"wp-block-heading\">Team<\/h2>\n<\/div>\n\n\n\n<div class=\"wp-block-column is-layout-flow wp-block-column-is-layout-flow\">\n<figure class=\"wp-block-image size-full\"><img loading=\"lazy\" decoding=\"async\" width=\"802\" height=\"802\" src=\"https:\/\/www.guenther-uecker-institut.de\/wp-content\/uploads\/2023\/01\/KN2quadrat2.jpg\" alt=\"\" class=\"wp-image-1177\" srcset=\"https:\/\/www.guenther-uecker-institut.de\/wp-content\/uploads\/2023\/01\/KN2quadrat2.jpg 802w, https:\/\/www.guenther-uecker-institut.de\/wp-content\/uploads\/2023\/01\/KN2quadrat2-300x300.jpg 300w, https:\/\/www.guenther-uecker-institut.de\/wp-content\/uploads\/2023\/01\/KN2quadrat2-150x150.jpg 150w, https:\/\/www.guenther-uecker-institut.de\/wp-content\/uploads\/2023\/01\/KN2quadrat2-768x768.jpg 768w\" sizes=\"auto, (max-width: 802px) 100vw, 802px\" \/><\/figure>\n\n\n\n<p><strong>PD Dr. Katharina Neuburger<\/strong><br>Scholarly Director<\/p>\n\n\n\n<p>Katharina Neuburger is a habilitated art historian. Her academic work focuses on the expanded canon of modern and contemporary art, informed by archival and media theory. She also works with foundations, collections, and art archives dedicated to modern and contemporary art, pursuing a radically democratic approach to the systematic opening and accessibility of knowledge.<\/p>\n<\/div>\n\n\n\n<div class=\"wp-block-column is-layout-flow wp-block-column-is-layout-flow\">\n<figure class=\"wp-block-image size-full\"><img loading=\"lazy\" decoding=\"async\" width=\"800\" height=\"800\" src=\"https:\/\/www.guenther-uecker-institut.de\/wp-content\/uploads\/2023\/01\/gradnitzer_neu5-2.jpg\" alt=\"\" class=\"wp-image-1192\" srcset=\"https:\/\/www.guenther-uecker-institut.de\/wp-content\/uploads\/2023\/01\/gradnitzer_neu5-2.jpg 800w, https:\/\/www.guenther-uecker-institut.de\/wp-content\/uploads\/2023\/01\/gradnitzer_neu5-2-300x300.jpg 300w, https:\/\/www.guenther-uecker-institut.de\/wp-content\/uploads\/2023\/01\/gradnitzer_neu5-2-150x150.jpg 150w, https:\/\/www.guenther-uecker-institut.de\/wp-content\/uploads\/2023\/01\/gradnitzer_neu5-2-768x768.jpg 768w\" sizes=\"auto, (max-width: 800px) 100vw, 800px\" \/><\/figure>\n\n\n\n<p><strong>Antonia Gradnitzer<\/strong><br>Administrative Director<\/p>\n\n\n\n<p>Antonia Gradnitzer studied cultural studies and Scandinavian studies in Berlin and Stockholm and graduated with a master\u2019s degree in cultural studies from Humboldt University in Berlin. She has worked for the archive of the Robert Havemann Society, the Friedrich Ebert Foundation, and as a research assistant for the state parliament of Mecklenburg-Vorpommern.<\/p>\n\n\n\n<p><\/p>\n<\/div>\n<\/div>\n\n\n\n<div class=\"wp-block-columns is-layout-flex wp-container-core-columns-is-layout-9d6595d7 wp-block-columns-is-layout-flex\">\n<div class=\"wp-block-column is-layout-flow wp-block-column-is-layout-flow\" style=\"flex-basis:24%\">\n<h2 class=\"wp-block-heading\">Board of Directors<\/h2>\n<\/div>\n\n\n\n<div class=\"wp-block-column is-layout-flow wp-block-column-is-layout-flow\">\n<p><strong>Kerstin D\u00f6ring<\/strong><br>Chairwoman<\/p>\n\n\n\n<p><strong>Cathleen Leu<\/strong> <br>Vice Chairwoman<\/p>\n\n\n\n<p><strong>Mechthild Bening<\/strong> <br>Treasurer<\/p>\n\n\n\n<p><\/p>\n<\/div>\n<\/div>\n\n\n\n<div class=\"wp-block-columns is-layout-flex wp-container-core-columns-is-layout-9d6595d7 wp-block-columns-is-layout-flex\">\n<div class=\"wp-block-column is-layout-flow wp-block-column-is-layout-flow\" style=\"flex-basis:24%\">\n<h2 class=\"wp-block-heading\">Network<\/h2>\n<\/div>\n\n\n\n<div class=\"wp-block-column is-layout-flow wp-block-column-is-layout-flow\">\n<p>Lydia Askani | Nick B\u00f6hnke | Lisa Bei\u00dfwanger | Klaus Gereon Beuckers | Deutsche Stiftung f\u00fcr Engagement und Ehrenamt | T. J. Demos | Deutscher Kunstverlag | Markus Draper | Stephanie Dvareckas | Knut Ebeling | Aliz Farkas| Isa Fontbona | Freunde des Staatlichen Museums Schwerin | Katja Gentric | Raha Golestani | Marie G\u00f6tze | Alex Gross | Anna Helfer | Christina Irrgang | Internationales Feuerwehrmuseum Schwerin | Paula Kohlmann | Barbara K\u00f6nches | Kunstverein f\u00fcr Mecklenburg und Vorpommern in Schwerin | Cyrill Lim | logografisch | maison intertext | Antoon Melissen | Johanne Mohs | Katrin Nahidi | Daria Nedelcu | Nina Nielebock | Partnerschaft f\u00fcr Demokratie Schwerin | Robert-Havemann-Gesellschaft | Gregoire Rousseau | G\u00f6ze Saner | Schaumagazin | Konstantin Sch\u00f6nfelder | Peter Seeland | Linnea Semmerling | Staatliches Museum Schwerin | Nora Sternfeld | Verena Straub | Johanna Tewes | Jacob Uecker | Uecker Archive | Ir\u00e8ne Unholz | Cara Venzke | Georg Winter | Lothar Wolleh Estate | Christine W\u00f6lfle| Daniel Wolter | Xiao Xiao | ZERO foundation<\/p>\n\n\n\n<p><\/p>\n<\/div>\n<\/div>\n\n\n\n<div class=\"wp-block-columns is-layout-flex wp-container-core-columns-is-layout-9d6595d7 wp-block-columns-is-layout-flex\">\n<div class=\"wp-block-column is-layout-flow wp-block-column-is-layout-flow\" style=\"flex-basis:24%\">\n<h2 class=\"wp-block-heading\">Supported by<\/h2>\n<\/div>\n\n\n\n<div class=\"wp-block-column is-layout-flow wp-block-column-is-layout-flow\">\n<figure class=\"wp-block-image size-full\"><a href=\"https:\/\/www.deutsche-stiftung-engagement-und-ehrenamt.de\/\"><img loading=\"lazy\" decoding=\"async\" width=\"635\" height=\"187\" src=\"https:\/\/www.guenther-uecker-institut.de\/wp-content\/uploads\/2023\/01\/LogoDSEE.png\" alt=\"\" class=\"wp-image-1157\" srcset=\"https:\/\/www.guenther-uecker-institut.de\/wp-content\/uploads\/2023\/01\/LogoDSEE.png 635w, https:\/\/www.guenther-uecker-institut.de\/wp-content\/uploads\/2023\/01\/LogoDSEE-300x88.png 300w\" sizes=\"auto, (max-width: 635px) 100vw, 635px\" \/><\/a><\/figure>\n<\/div>\n\n\n\n<div class=\"wp-block-column is-layout-flow wp-block-column-is-layout-flow\">\n<p><\/p>\n\n\n\n<p><\/p>\n<\/div>\n<\/div>\n<\/div><\/div>\n","protected":false},"excerpt":{"rendered":"<p>Mission GUI | IUG We are an independent cultural institution based in Schwerin. Our dual institute, GUI \u2013 IUG, evolved from an association founded in 2013 to support the expansion [&hellip;]<\/p>\n","protected":false},"author":2,"featured_media":0,"parent":0,"menu_order":5000,"comment_status":"closed","ping_status":"closed","template":"","meta":{"_acf_changed":false,"footnotes":""},"class_list":["post-48","page","type-page","status-publish","hentry"],"acf":[],"_links":{"self":[{"href":"https:\/\/www.guenther-uecker-institut.de\/en\/wp-json\/wp\/v2\/pages\/48","targetHints":{"allow":["GET"]}}],"collection":[{"href":"https:\/\/www.guenther-uecker-institut.de\/en\/wp-json\/wp\/v2\/pages"}],"about":[{"href":"https:\/\/www.guenther-uecker-institut.de\/en\/wp-json\/wp\/v2\/types\/page"}],"author":[{"embeddable":true,"href":"https:\/\/www.guenther-uecker-institut.de\/en\/wp-json\/wp\/v2\/users\/2"}],"replies":[{"embeddable":true,"href":"https:\/\/www.guenther-uecker-institut.de\/en\/wp-json\/wp\/v2\/comments?post=48"}],"version-history":[{"count":5,"href":"https:\/\/www.guenther-uecker-institut.de\/en\/wp-json\/wp\/v2\/pages\/48\/revisions"}],"predecessor-version":[{"id":2750,"href":"https:\/\/www.guenther-uecker-institut.de\/en\/wp-json\/wp\/v2\/pages\/48\/revisions\/2750"}],"wp:attachment":[{"href":"https:\/\/www.guenther-uecker-institut.de\/en\/wp-json\/wp\/v2\/media?parent=48"}],"curies":[{"name":"wp","href":"https:\/\/api.w.org\/{rel}","templated":true}]}}